{"id":289,"date":"2022-03-11T04:33:43","date_gmt":"2022-03-11T04:33:43","guid":{"rendered":"https:\/\/corpdisplay.com\/meikergrup\/?page_id=289"},"modified":"2022-04-06T17:18:50","modified_gmt":"2022-04-06T17:18:50","slug":"blog","status":"publish","type":"page","link":"https:\/\/corpdisplay.com\/meikergrup\/blog\/","title":{"rendered":"Blog"},"content":{"rendered":"\t\t<div data-elementor-type=\"wp-page\" data-elementor-id=\"289\" class=\"elementor elementor-289\">\n\t\t\t\t\t\t\t\t\t<section class=\"elementor-section elementor-top-section elementor-element elementor-element-0685212 elementor-section-full_width elementor-section-height-full blog_ elementor-section-height-default elementor-section-items-middle\" data-id=\"0685212\" data-element_type=\"section\" data-settings=\"{&quot;background_background&quot;:&quot;classic&quot;}\">\n\t\t\t\t\t\t<div class=\"elementor-container elementor-column-gap-default\">\n\t\t\t\t\t<div class=\"elementor-column elementor-col-100 elementor-top-column elementor-element elementor-element-8c3077d quit\" data-id=\"8c3077d\" data-element_type=\"column\" id=\"header-blog\" data-settings=\"{&quot;background_background&quot;:&quot;classic&quot;}\">\n\t\t\t<div class=\"elementor-widget-wrap elementor-element-populated\">\n\t\t\t\t\t\t\t\t<div class=\"elementor-element elementor-element-ac79ae4 elementor-widget elementor-widget-html\" data-id=\"ac79ae4\" data-element_type=\"widget\" data-widget_type=\"html.default\">\n\t\t\t\t<div class=\"elementor-widget-container\">\n\t\t\t <div class=\"copy-slide2\" style=\"    height: 100vh !important; background-position:bottom right !important;\" >\n              <h2>\n                PUBLICACIONES\n              <\/h2>\n              <p>\n                Generamos informaci\u00f3n y materiales\nque seguro ser\u00e1n de gran valor para ti \ny para tu empresa. <br><br>\n\n<b>No dejes de leernos. <\/b>\n              <\/p>\n\n             \n            <\/div>\t\t<\/div>\n\t\t\t\t<\/div>\n\t\t\t\t\t<\/div>\n\t\t<\/div>\n\t\t\t\t\t\t\t<\/div>\n\t\t<\/section>\n\t\t\t\t<section class=\"elementor-section elementor-top-section elementor-element elementor-element-2489359 elementor-section-full_width show_ elementor-section-height-default elementor-section-height-default\" data-id=\"2489359\" data-element_type=\"section\" data-settings=\"{&quot;background_background&quot;:&quot;classic&quot;}\">\n\t\t\t\t\t\t<div class=\"elementor-container elementor-column-gap-default\">\n\t\t\t\t\t<div class=\"elementor-column elementor-col-100 elementor-top-column elementor-element elementor-element-42b1d9c\" data-id=\"42b1d9c\" data-element_type=\"column\" data-settings=\"{&quot;background_background&quot;:&quot;classic&quot;}\">\n\t\t\t<div class=\"elementor-widget-wrap elementor-element-populated\">\n\t\t\t\t\t\t\t\t<div class=\"elementor-element elementor-element-44204b8 show_ elementor-widget elementor-widget-image\" data-id=\"44204b8\" data-element_type=\"widget\" data-widget_type=\"image.default\">\n\t\t\t\t<div class=\"elementor-widget-container\">\n\t\t\t<style>\/*! elementor - v3.15.0 - 09-08-2023 *\/\n.elementor-widget-image{text-align:center}.elementor-widget-image a{display:inline-block}.elementor-widget-image a img[src$=\".svg\"]{width:48px}.elementor-widget-image img{vertical-align:middle;display:inline-block}<\/style>\t\t\t\t\t\t\t\t\t\t\t\t<img loading=\"lazy\" decoding=\"async\" width=\"2560\" height=\"1345\" src=\"https:\/\/corpdisplay.com\/meikergrup\/wp-content\/uploads\/2022\/03\/blog-scaled.jpg\" class=\"attachment-full size-full wp-image-294\" alt=\"\" srcset=\"https:\/\/corpdisplay.com\/meikergrup\/wp-content\/uploads\/2022\/03\/blog-scaled.jpg 2560w, https:\/\/corpdisplay.com\/meikergrup\/wp-content\/uploads\/2022\/03\/blog-300x158.jpg 300w, https:\/\/corpdisplay.com\/meikergrup\/wp-content\/uploads\/2022\/03\/blog-1024x538.jpg 1024w, https:\/\/corpdisplay.com\/meikergrup\/wp-content\/uploads\/2022\/03\/blog-768x404.jpg 768w, https:\/\/corpdisplay.com\/meikergrup\/wp-content\/uploads\/2022\/03\/blog-1536x807.jpg 1536w, https:\/\/corpdisplay.com\/meikergrup\/wp-content\/uploads\/2022\/03\/blog-2048x1076.jpg 2048w\" sizes=\"auto, (max-width: 2560px) 100vw, 2560px\" \/>\t\t\t\t\t\t\t\t\t\t\t\t\t\t\t<\/div>\n\t\t\t\t<\/div>\n\t\t\t\t\t<\/div>\n\t\t<\/div>\n\t\t\t\t\t\t\t<\/div>\n\t\t<\/section>\n\t\t\t\t<section class=\"elementor-section elementor-top-section elementor-element elementor-element-95fb909 elementor-section-full_width elementor-section-height-default elementor-section-height-default\" data-id=\"95fb909\" data-element_type=\"section\" data-settings=\"{&quot;background_background&quot;:&quot;classic&quot;}\">\n\t\t\t\t\t\t<div class=\"elementor-container elementor-column-gap-default\">\n\t\t\t\t\t<div class=\"elementor-column elementor-col-100 elementor-top-column elementor-element elementor-element-6d78316\" data-id=\"6d78316\" data-element_type=\"column\" data-settings=\"{&quot;background_background&quot;:&quot;classic&quot;}\">\n\t\t\t<div class=\"elementor-widget-wrap elementor-element-populated\">\n\t\t\t\t\t\t\t\t<section class=\"elementor-section elementor-inner-section elementor-element elementor-element-9f5061d elementor-section-full_width show_ elementor-section-height-default elementor-section-height-default\" data-id=\"9f5061d\" data-element_type=\"section\" data-settings=\"{&quot;background_background&quot;:&quot;classic&quot;}\">\n\t\t\t\t\t\t<div class=\"elementor-container elementor-column-gap-default\">\n\t\t\t\t\t<div class=\"elementor-column elementor-col-100 elementor-inner-column elementor-element elementor-element-a7868e8\" data-id=\"a7868e8\" data-element_type=\"column\">\n\t\t\t<div class=\"elementor-widget-wrap elementor-element-populated\">\n\t\t\t\t\t\t\t\t<div class=\"elementor-element elementor-element-53794bb copy-slide2_a elementor-widget elementor-widget-html\" data-id=\"53794bb\" data-element_type=\"widget\" data-widget_type=\"html.default\">\n\t\t\t\t<div class=\"elementor-widget-container\">\n\t\t\t<div class=\"simple-copy\">\n<h2>PUBLICACIONES<\/h2>\n<p>Generamos informaci\u00f3n y materiales\nque seguro ser\u00e1n de gran valor para ti \ny para tu empresa. <br><br>\n<b>No dejes de leernos. <\/b>\n<\/p>\n<\/div>\t\t<\/div>\n\t\t\t\t<\/div>\n\t\t\t\t\t<\/div>\n\t\t<\/div>\n\t\t\t\t\t\t\t<\/div>\n\t\t<\/section>\n\t\t\t\t<section class=\"elementor-section elementor-inner-section elementor-element elementor-element-3514d99 elementor-section-full_width elementor-section-height-default elementor-section-height-default\" data-id=\"3514d99\" data-element_type=\"section\" data-settings=\"{&quot;background_background&quot;:&quot;classic&quot;}\">\n\t\t\t\t\t\t<div class=\"elementor-container elementor-column-gap-default\">\n\t\t\t\t\t<div class=\"elementor-column elementor-col-50 elementor-inner-column elementor-element elementor-element-0bff7ca\" data-id=\"0bff7ca\" data-element_type=\"column\">\n\t\t\t<div class=\"elementor-widget-wrap elementor-element-populated\">\n\t\t\t\t\t\t\t\t<div class=\"elementor-element elementor-element-9bcf7b4 elementor-grid-1 elementor-grid-tablet-2 elementor-grid-mobile-1 elementor-posts--thumbnail-top elementor-widget elementor-widget-posts\" data-id=\"9bcf7b4\" data-element_type=\"widget\" data-settings=\"{&quot;classic_columns&quot;:&quot;1&quot;,&quot;classic_columns_tablet&quot;:&quot;2&quot;,&quot;classic_columns_mobile&quot;:&quot;1&quot;,&quot;classic_row_gap&quot;:{&quot;unit&quot;:&quot;px&quot;,&quot;size&quot;:35,&quot;sizes&quot;:[]},&quot;classic_row_gap_tablet&quot;:{&quot;unit&quot;:&quot;px&quot;,&quot;size&quot;:&quot;&quot;,&quot;sizes&quot;:[]},&quot;classic_row_gap_mobile&quot;:{&quot;unit&quot;:&quot;px&quot;,&quot;size&quot;:&quot;&quot;,&quot;sizes&quot;:[]}}\" data-widget_type=\"posts.classic\">\n\t\t\t\t<div class=\"elementor-widget-container\">\n\t\t\t<link rel=\"stylesheet\" href=\"https:\/\/corpdisplay.com\/meikergrup\/wp-content\/plugins\/elementor-pro\/assets\/css\/widget-posts.min.css\">\t\t<div class=\"elementor-posts-container elementor-posts elementor-posts--skin-classic elementor-grid\">\n\t\t\t\t<article class=\"elementor-post elementor-grid-item post-348 post type-post status-publish format-standard has-post-thumbnail hentry category-uncategorized\">\n\t\t\t\t<a class=\"elementor-post__thumbnail__link\" href=\"https:\/\/corpdisplay.com\/meikergrup\/post-demo-2\/\" target=&quot;_blank&quot;>\n\t\t\t<div class=\"elementor-post__thumbnail\"><img loading=\"lazy\" decoding=\"async\" width=\"617\" height=\"412\" src=\"https:\/\/corpdisplay.com\/meikergrup\/wp-content\/uploads\/2022\/03\/foto-post.jpg\" class=\"attachment-full size-full wp-image-308\" alt=\"\" srcset=\"https:\/\/corpdisplay.com\/meikergrup\/wp-content\/uploads\/2022\/03\/foto-post.jpg 617w, https:\/\/corpdisplay.com\/meikergrup\/wp-content\/uploads\/2022\/03\/foto-post-300x200.jpg 300w\" sizes=\"auto, (max-width: 617px) 100vw, 617px\" \/><\/div>\n\t\t<\/a>\n\t\t\t\t<div class=\"elementor-post__text\">\n\t\t\t\t<h1 class=\"elementor-post__title\">\n\t\t\t<a href=\"https:\/\/corpdisplay.com\/meikergrup\/post-demo-2\/\" target=&quot;_blank&quot;>\n\t\t\t\tPost demo #2\t\t\t<\/a>\n\t\t<\/h1>\n\t\t\t\t<div class=\"elementor-post__excerpt\">\n\t\t\t<p>Candy canes drag\u00e9e apple pie sugar plum lollipop sweet roll. Apple pie marshmallow cake chocolate cake shortbread drag\u00e9e. Cookie toffee tart danish cake gummi bears<\/p>\n\t\t<\/div>\n\t\t\t\t\t<a class=\"elementor-post__read-more\" href=\"https:\/\/corpdisplay.com\/meikergrup\/post-demo-2\/\" target=\"_blank\">\n\t\t\t\tSeguir leyendo\t\t\t<\/a>\n\t\t\t\t<\/div>\n\t\t\t\t<\/article>\n\t\t\t\t<article class=\"elementor-post elementor-grid-item post-1 post type-post status-publish format-standard has-post-thumbnail hentry category-uncategorized\">\n\t\t\t\t<a class=\"elementor-post__thumbnail__link\" href=\"https:\/\/corpdisplay.com\/meikergrup\/post-demo-1\/\" target=&quot;_blank&quot;>\n\t\t\t<div class=\"elementor-post__thumbnail\"><img loading=\"lazy\" decoding=\"async\" width=\"617\" height=\"412\" src=\"https:\/\/corpdisplay.com\/meikergrup\/wp-content\/uploads\/2022\/03\/foto-post.jpg\" class=\"attachment-full size-full wp-image-308\" alt=\"\" srcset=\"https:\/\/corpdisplay.com\/meikergrup\/wp-content\/uploads\/2022\/03\/foto-post.jpg 617w, https:\/\/corpdisplay.com\/meikergrup\/wp-content\/uploads\/2022\/03\/foto-post-300x200.jpg 300w\" sizes=\"auto, (max-width: 617px) 100vw, 617px\" \/><\/div>\n\t\t<\/a>\n\t\t\t\t<div class=\"elementor-post__text\">\n\t\t\t\t<h1 class=\"elementor-post__title\">\n\t\t\t<a href=\"https:\/\/corpdisplay.com\/meikergrup\/post-demo-1\/\" target=&quot;_blank&quot;>\n\t\t\t\tPost demo #1\t\t\t<\/a>\n\t\t<\/h1>\n\t\t\t\t<div class=\"elementor-post__excerpt\">\n\t\t\t<p>Candy canes drag\u00e9e apple pie sugar plum lollipop sweet roll. Apple pie marshmallow cake chocolate cake shortbread drag\u00e9e. Cookie toffee tart danish cake gummi bears<\/p>\n\t\t<\/div>\n\t\t\t\t\t<a class=\"elementor-post__read-more\" href=\"https:\/\/corpdisplay.com\/meikergrup\/post-demo-1\/\" target=\"_blank\">\n\t\t\t\tSeguir leyendo\t\t\t<\/a>\n\t\t\t\t<\/div>\n\t\t\t\t<\/article>\n\t\t\t\t<\/div>\n\n\n\t\t\n\t\t\t\t<\/div>\n\t\t\t\t<\/div>\n\t\t\t\t\t<\/div>\n\t\t<\/div>\n\t\t\t\t<div class=\"elementor-column elementor-col-50 elementor-inner-column elementor-element elementor-element-09306d3\" data-id=\"09306d3\" data-element_type=\"column\">\n\t\t\t<div class=\"elementor-widget-wrap elementor-element-populated\">\n\t\t\t\t\t\t\t\t<div class=\"elementor-element elementor-element-862df02 elementor-search-form--skin-classic elementor-search-form--button-type-icon elementor-search-form--icon-search elementor-widget elementor-widget-search-form\" data-id=\"862df02\" data-element_type=\"widget\" data-settings=\"{&quot;skin&quot;:&quot;classic&quot;}\" data-widget_type=\"search-form.default\">\n\t\t\t\t<div class=\"elementor-widget-container\">\n\t\t\t<link rel=\"stylesheet\" href=\"https:\/\/corpdisplay.com\/meikergrup\/wp-content\/plugins\/elementor-pro\/assets\/css\/widget-theme-elements.min.css\">\t\t<form class=\"elementor-search-form\" role=\"search\" action=\"https:\/\/corpdisplay.com\/meikergrup\" method=\"get\">\n\t\t\t\t\t\t\t\t\t<div class=\"elementor-search-form__container\">\n\t\t\t\t\t\t\t\t<input placeholder=\"Buscar...\" class=\"elementor-search-form__input\" type=\"search\" name=\"s\" title=\"Search\" value=\"\">\n\t\t\t\t\t\t\t\t\t\t\t\t\t<button class=\"elementor-search-form__submit\" type=\"submit\" title=\"Search\" aria-label=\"Search\">\n\t\t\t\t\t\t\t\t\t\t\t\t\t<i aria-hidden=\"true\" class=\"fas fa-search\"><\/i>\t\t\t\t\t\t\t<span class=\"elementor-screen-only\">Search<\/span>\n\t\t\t\t\t\t\t\t\t\t\t<\/button>\n\t\t\t\t\t\t\t\t\t\t\t<\/div>\n\t\t<\/form>\n\t\t\t\t<\/div>\n\t\t\t\t<\/div>\n\t\t\t\t<div class=\"elementor-element elementor-element-a95b444 elementor-widget elementor-widget-text-editor\" data-id=\"a95b444\" data-element_type=\"widget\" data-widget_type=\"text-editor.default\">\n\t\t\t\t<div class=\"elementor-widget-container\">\n\t\t\t<style>\/*! elementor - v3.15.0 - 09-08-2023 *\/\n.elementor-widget-text-editor.elementor-drop-cap-view-stacked .elementor-drop-cap{background-color:#69727d;color:#fff}.elementor-widget-text-editor.elementor-drop-cap-view-framed .elementor-drop-cap{color:#69727d;border:3px solid;background-color:transparent}.elementor-widget-text-editor:not(.elementor-drop-cap-view-default) .elementor-drop-cap{margin-top:8px}.elementor-widget-text-editor:not(.elementor-drop-cap-view-default) .elementor-drop-cap-letter{width:1em;height:1em}.elementor-widget-text-editor .elementor-drop-cap{float:left;text-align:center;line-height:1;font-size:50px}.elementor-widget-text-editor .elementor-drop-cap-letter{display:inline-block}<\/style>\t\t\t\t<p style=\"text-align: center;\">Conoce nuestras futuras participaciones en<\/p><h2 style=\"text-align: center; font-weight: 800 !important;\"><strong>EXPOS<\/strong><\/h2>\t\t\t\t\t\t<\/div>\n\t\t\t\t<\/div>\n\t\t\t\t<div class=\"elementor-element elementor-element-fe6047a elementor-widget elementor-widget-wp-widget-archives\" data-id=\"fe6047a\" data-element_type=\"widget\" data-widget_type=\"wp-widget-archives.default\">\n\t\t\t\t<div class=\"elementor-widget-container\">\n\t\t\t<h5>\u00daltimos \u00e1rticulos<\/h5>\n\t\t\t<ul>\n\t\t\t\t\t<li><a href='https:\/\/corpdisplay.com\/meikergrup\/2022\/03\/'>marzo 2022<\/a><\/li>\n\t\t\t<\/ul>\n\n\t\t\t\t\t<\/div>\n\t\t\t\t<\/div>\n\t\t\t\t\t<\/div>\n\t\t<\/div>\n\t\t\t\t\t\t\t<\/div>\n\t\t<\/section>\n\t\t\t\t\t<\/div>\n\t\t<\/div>\n\t\t\t\t\t\t\t<\/div>\n\t\t<\/section>\n\t\t\t\t\t\t\t<\/div>\n\t\t","protected":false},"excerpt":{"rendered":"<p>PUBLICACIONES Generamos informaci\u00f3n y materiales que seguro ser\u00e1n de gran valor para ti y para tu empresa. No dejes de leernos. PUBLICACIONES Generamos informaci\u00f3n y materiales que seguro ser\u00e1n de gran valor para ti y para tu empresa. No dejes de leernos. Conoce nuestras futuras participaciones en EXPOS<\/p>\n","protected":false},"author":1,"featured_media":0,"parent":0,"menu_order":0,"comment_status":"closed","ping_status":"closed","template":"elementor_header_footer","meta":{"inline_featured_image":false,"neve_meta_sidebar":"","neve_meta_container":"","neve_meta_enable_content_width":"off","neve_meta_content_width":100,"neve_meta_title_alignment":"","neve_meta_author_avatar":"","neve_post_elements_order":"","neve_meta_disable_header":"","neve_meta_disable_footer":"","neve_meta_disable_title":"","_ti_tpc_template_sync":false,"_ti_tpc_template_id":"","footnotes":""},"class_list":["post-289","page","type-page","status-publish","hentry"],"_links":{"self":[{"href":"https:\/\/corpdisplay.com\/meikergrup\/wp-json\/wp\/v2\/pages\/289","targetHints":{"allow":["GET"]}}],"collection":[{"href":"https:\/\/corpdisplay.com\/meikergrup\/wp-json\/wp\/v2\/pages"}],"about":[{"href":"https:\/\/corpdisplay.com\/meikergrup\/wp-json\/wp\/v2\/types\/page"}],"author":[{"embeddable":true,"href":"https:\/\/corpdisplay.com\/meikergrup\/wp-json\/wp\/v2\/users\/1"}],"replies":[{"embeddable":true,"href":"https:\/\/corpdisplay.com\/meikergrup\/wp-json\/wp\/v2\/comments?post=289"}],"version-history":[{"count":97,"href":"https:\/\/corpdisplay.com\/meikergrup\/wp-json\/wp\/v2\/pages\/289\/revisions"}],"predecessor-version":[{"id":933,"href":"https:\/\/corpdisplay.com\/meikergrup\/wp-json\/wp\/v2\/pages\/289\/revisions\/933"}],"wp:attachment":[{"href":"https:\/\/corpdisplay.com\/meikergrup\/wp-json\/wp\/v2\/media?parent=289"}],"curies":[{"name":"wp","href":"https:\/\/api.w.org\/{rel}","templated":true}]}}