{"id":128,"date":"2022-03-10T03:32:56","date_gmt":"2022-03-10T03:32:56","guid":{"rendered":"https:\/\/corpdisplay.com\/meikergrup\/?page_id=128"},"modified":"2022-04-07T17:33:32","modified_gmt":"2022-04-07T17:33:32","slug":"servicios","status":"publish","type":"page","link":"https:\/\/corpdisplay.com\/meikergrup\/servicios\/","title":{"rendered":"Servicios"},"content":{"rendered":"\t\t<div data-elementor-type=\"wp-page\" data-elementor-id=\"128\" class=\"elementor elementor-128\">\n\t\t\t\t\t\t\t\t\t<section class=\"elementor-section elementor-top-section elementor-element elementor-element-65f50df elementor-section-boxed elementor-section-height-default elementor-section-height-default\" data-id=\"65f50df\" data-element_type=\"section\" id=\"slide-bag\" data-settings=\"{&quot;background_background&quot;:&quot;classic&quot;}\">\n\t\t\t\t\t\t<div class=\"elementor-container elementor-column-gap-default\">\n\t\t\t\t\t<div class=\"elementor-column elementor-col-100 elementor-top-column elementor-element elementor-element-3d7f4fe\" data-id=\"3d7f4fe\" data-element_type=\"column\">\n\t\t\t<div class=\"elementor-widget-wrap elementor-element-populated\">\n\t\t\t\t\t\t\t\t<div class=\"elementor-element elementor-element-1834781 blog_ elementor-widget elementor-widget-html\" data-id=\"1834781\" data-element_type=\"widget\" data-widget_type=\"html.default\">\n\t\t\t\t<div class=\"elementor-widget-container\">\n\t\t\t<div class=\"copy-slide2 ajuste1\">\n              <h2>\n                SERVICIOS\n              <\/h2>\n              <p>\n                Nuestro equipo de trabajo est\u00e1 altamente calificado para ofrecerte una \nsoluci\u00f3n integral con un dise\u00f1o \u00fanico\nrealizado desde cero, seg\u00fan tu necesidad. <br><br>\n\nLa innovaci\u00f3n, creatividad y el dise\u00f1o funcional son sello en toda la gama de servicios que tenemos para ti. \n              <\/p>\n\n              <a href=\"\" class=\"bro_\"> Descarga nuestro brochure <\/a>\n\n            <\/div>\n\n<div class=\"carousel\"  data-flickity='{ \"asNavFor\": \".carousel-main\", \"contain\": true, \"pageDots\": true, \"prevNextButtons\": false ,\"autoPlay\": true, \"wrapAround\": true , \"pageDots\": false }' style=\"\">\n               <div class=\"carousel-cell slide-ser1\"><\/div>\n               <div class=\"carousel-cell slide-ser2\"><\/div>\n               <div class=\"carousel-cell slide-ser3\"><\/div>\n\n <\/div>\t\t<\/div>\n\t\t\t\t<\/div>\n\t\t\t\t\t<\/div>\n\t\t<\/div>\n\t\t\t\t\t\t\t<\/div>\n\t\t<\/section>\n\t\t\t\t<section class=\"elementor-section elementor-top-section elementor-element elementor-element-97a3715 elementor-section-full_width show_ elementor-section-height-default elementor-section-height-default\" data-id=\"97a3715\" data-element_type=\"section\" data-settings=\"{&quot;background_background&quot;:&quot;classic&quot;}\">\n\t\t\t\t\t\t<div class=\"elementor-container elementor-column-gap-default\">\n\t\t\t\t\t<div class=\"elementor-column elementor-col-100 elementor-top-column elementor-element elementor-element-b56bf9d\" data-id=\"b56bf9d\" data-element_type=\"column\" data-settings=\"{&quot;background_background&quot;:&quot;classic&quot;}\">\n\t\t\t<div class=\"elementor-widget-wrap elementor-element-populated\">\n\t\t\t\t\t\t\t\t<div class=\"elementor-element elementor-element-f0e0efa elementor-widget elementor-widget-html\" data-id=\"f0e0efa\" data-element_type=\"widget\" data-widget_type=\"html.default\">\n\t\t\t\t<div class=\"elementor-widget-container\">\n\t\t\t<div class=\"carousel slide_add\"  data-flickity='{ \"asNavFor\": \".carousel-main\", \"contain\": true, \"pageDots\": false, \"prevNextButtons\": false , \"wrapAround\": true , \"autoPlay\": true, \"pageDots\": false }' style=\"\">\n               <div class=\"carousel-cell slide-ser1\"><\/div>\n               <div class=\"carousel-cell slide-ser2\"><\/div>\n               <div class=\"carousel-cell slide-ser3\"><\/div>\n\n <\/div>\t\t<\/div>\n\t\t\t\t<\/div>\n\t\t\t\t\t<\/div>\n\t\t<\/div>\n\t\t\t\t\t\t\t<\/div>\n\t\t<\/section>\n\t\t\t\t<section class=\"elementor-section elementor-top-section elementor-element elementor-element-0e53c94 elementor-section-full_width show_ elementor-section-height-default elementor-section-height-default\" data-id=\"0e53c94\" data-element_type=\"section\" data-settings=\"{&quot;background_background&quot;:&quot;classic&quot;}\">\n\t\t\t\t\t\t<div class=\"elementor-container elementor-column-gap-default\">\n\t\t\t\t\t<div class=\"elementor-column elementor-col-100 elementor-top-column elementor-element elementor-element-30a9ac2\" data-id=\"30a9ac2\" data-element_type=\"column\" data-settings=\"{&quot;background_background&quot;:&quot;classic&quot;}\">\n\t\t\t<div class=\"elementor-widget-wrap elementor-element-populated\">\n\t\t\t\t\t\t\t\t<div class=\"elementor-element elementor-element-19dab44 elementor-widget elementor-widget-html\" data-id=\"19dab44\" data-element_type=\"widget\" data-widget_type=\"html.default\">\n\t\t\t\t<div class=\"elementor-widget-container\">\n\t\t\t<div class=\"copy-slide2_a \">\n              <h2>\n                SERVICIOS\n              <\/h2>\n              <p>\n                Nuestro equipo de trabajo est\u00e1 altamente calificado para ofrecerte una \nsoluci\u00f3n integral con un dise\u00f1o \u00fanico\nrealizado desde cero, seg\u00fan tu necesidad. <br><br>\n\nLa innovaci\u00f3n, creatividad y el dise\u00f1o funcional son sello en toda la gama de servicios que tenemos para ti. \n              <\/p>\n\n              <a href=\"\" class=\"bro_\"> Descarga nuestro brochure <\/a>\n\n            <\/div>\n\t\t<\/div>\n\t\t\t\t<\/div>\n\t\t\t\t\t<\/div>\n\t\t<\/div>\n\t\t\t\t\t\t\t<\/div>\n\t\t<\/section>\n\t\t\t\t<section class=\"elementor-section elementor-top-section elementor-element elementor-element-e47aecd elementor-section-boxed elementor-section-height-default elementor-section-height-default\" data-id=\"e47aecd\" data-element_type=\"section\" data-settings=\"{&quot;background_background&quot;:&quot;classic&quot;}\">\n\t\t\t\t\t\t<div class=\"elementor-container elementor-column-gap-default\">\n\t\t\t\t\t<div class=\"elementor-column elementor-col-100 elementor-top-column elementor-element elementor-element-3414703\" data-id=\"3414703\" data-element_type=\"column\">\n\t\t\t<div class=\"elementor-widget-wrap elementor-element-populated\">\n\t\t\t\t\t\t\t\t<section class=\"elementor-section elementor-inner-section elementor-element elementor-element-d9c1e41 elementor-section-full_width elementor-section-height-default elementor-section-height-default\" data-id=\"d9c1e41\" data-element_type=\"section\">\n\t\t\t\t\t\t<div class=\"elementor-container elementor-column-gap-default\">\n\t\t\t\t\t<div class=\"elementor-column elementor-col-100 elementor-inner-column elementor-element elementor-element-55d1557\" data-id=\"55d1557\" data-element_type=\"column\" id=\"servicios\">\n\t\t\t<div class=\"elementor-widget-wrap elementor-element-populated\">\n\t\t\t\t\t\t\t\t<div class=\"elementor-element elementor-element-0d88a50 elementor-widget elementor-widget-heading\" data-id=\"0d88a50\" data-element_type=\"widget\" data-widget_type=\"heading.default\">\n\t\t\t\t<div class=\"elementor-widget-container\">\n\t\t\t<style>\/*! elementor - v3.15.0 - 09-08-2023 *\/\n.elementor-heading-title{padding:0;margin:0;line-height:1}.elementor-widget-heading .elementor-heading-title[class*=elementor-size-]>a{color:inherit;font-size:inherit;line-height:inherit}.elementor-widget-heading .elementor-heading-title.elementor-size-small{font-size:15px}.elementor-widget-heading .elementor-heading-title.elementor-size-medium{font-size:19px}.elementor-widget-heading .elementor-heading-title.elementor-size-large{font-size:29px}.elementor-widget-heading .elementor-heading-title.elementor-size-xl{font-size:39px}.elementor-widget-heading .elementor-heading-title.elementor-size-xxl{font-size:59px}<\/style><h3 class=\"elementor-heading-title elementor-size-default\">Conoce todos los servicios y procesos que tenemos para ti:<\/h3>\t\t<\/div>\n\t\t\t\t<\/div>\n\t\t\t\t<div class=\"elementor-element elementor-element-48fbfa2 elementor-widget elementor-widget-wp-widget-custom_html\" data-id=\"48fbfa2\" data-element_type=\"widget\" data-widget_type=\"wp-widget-custom_html.default\">\n\t\t\t\t<div class=\"elementor-widget-container\">\n\t\t\t<div class=\"textwidget custom-html-widget\"><div data-toggle=\"modal\" data-target=\"#modal\" class=\"servicio ser1\">\r\n\t<img decoding=\"async\" src=\"https:\/\/corpdisplay.com\/meikergrup\/wp-content\/uploads\/2022\/03\/icon_s1.jpg\">\r\n<p>Dise\u00f1o Industrial<\/p>\r\n<\/div>\r\n\r\n<div data-toggle=\"modal\" data-target=\"#modal\" class=\"servicio ser2\">\r\n\t<img decoding=\"async\" src=\"https:\/\/corpdisplay.com\/meikergrup\/wp-content\/uploads\/2022\/03\/icon_s2.jpg\">\r\n<p>Mantenimiento<br>\r\nde racks<\/p>\r\n<\/div>\r\n\r\n<div data-toggle=\"modal\" data-target=\"#modal\" class=\"servicio ser3\">\r\n\t<img decoding=\"async\" src=\"https:\/\/corpdisplay.com\/meikergrup\/wp-content\/uploads\/2022\/03\/icon_s3.jpg\">\r\n<p>Maquinados<\/p>\r\n<\/div>\r\n\r\n<div data-toggle=\"modal\" data-target=\"#modal\" class=\"servicio ser4\">\r\n\t<img decoding=\"async\" src=\"https:\/\/corpdisplay.com\/meikergrup\/wp-content\/uploads\/2022\/03\/icon_s4.jpg\">\r\n<p>Distribuci\u00f3n<\/p>\r\n<\/div>\r\n\r\n\r\n<div data-toggle=\"modal\" data-target=\"#modal\" class=\"servicio ser5\">\r\n\t<img decoding=\"async\" src=\"https:\/\/corpdisplay.com\/meikergrup\/wp-content\/uploads\/2022\/03\/icon_s5.jpg\">\r\n<p>Herrer\u00eda<\/p>\r\n<\/div>\r\n\r\n<div data-toggle=\"modal\" data-target=\"#modal\" class=\"servicio ser6\">\r\n\t<img decoding=\"async\" src=\"https:\/\/corpdisplay.com\/meikergrup\/wp-content\/uploads\/2022\/03\/icon_s6.jpg\">\r\n<p>Rolado de \r\nperfiles met\u00e1licos<\/p>\r\n<\/div>\r\n\r\n<div data-toggle=\"modal\" data-target=\"#modal\" class=\"servicio ser7\">\r\n\t<img decoding=\"async\" src=\"https:\/\/corpdisplay.com\/meikergrup\/wp-content\/uploads\/2022\/03\/icon_s7.jpg\">\r\n<p>Corte laser<\/p>\r\n<\/div>\r\n\r\n<div data-toggle=\"modal\" data-target=\"#modal\" class=\"servicio ser8\">\r\n\t<img decoding=\"async\" src=\"https:\/\/corpdisplay.com\/meikergrup\/wp-content\/uploads\/2022\/03\/icon_s8.jpg\">\r\n<p>Soldadura de<br>\r\nmicroalambre<\/p>\r\n<\/div>\r\n\r\n\r\n\r\n\r\n\r\n\r\n\r\n\r\n\r\n<div data-toggle=\"modal\" data-target=\"#modal\" class=\"servicio ser9\">\r\n\t<img decoding=\"async\" src=\"https:\/\/corpdisplay.com\/meikergrup\/wp-content\/uploads\/2022\/03\/icon_s9.jpg\">\r\n<p>Lay out<\/p>\r\n<\/div>\r\n\r\n<div data-toggle=\"modal\" data-target=\"#modal\" class=\"servicio ser10\">\r\n\t<img decoding=\"async\" src=\"https:\/\/corpdisplay.com\/meikergrup\/wp-content\/uploads\/2022\/03\/icon_s10.jpg\">\r\n<p>Termoformado<\/p>\r\n<\/div>\r\n\r\n<div data-toggle=\"modal\" data-target=\"#modal\" class=\"servicio ser11\">\r\n\t<img decoding=\"async\" src=\"https:\/\/corpdisplay.com\/meikergrup\/wp-content\/uploads\/2022\/03\/icon_s11.jpg\">\r\n<p>Empaque<\/p>\r\n<\/div>\r\n\r\n<div data-toggle=\"modal\" data-target=\"#modal\" class=\"servicio ser12\">\r\n\t<img decoding=\"async\" src=\"https:\/\/corpdisplay.com\/meikergrup\/wp-content\/uploads\/2022\/03\/icon_s12.jpg\">\r\n<p>Impresi\u00f3n en<br> cama plana<\/p>\r\n<\/div>\r\n\r\n\r\n\r\n\r\n<div data-toggle=\"modal\" data-target=\"#modal\" class=\"servicio ser13\">\r\n\t<img decoding=\"async\" src=\"https:\/\/corpdisplay.com\/meikergrup\/wp-content\/uploads\/2022\/03\/icon_s13.jpg\">\r\n<p>Corte y doblez<\/p>\r\n<\/div>\r\n\r\n<div data-toggle=\"modal\" data-target=\"#modal\" class=\"servicio ser14\">\r\n\t<img decoding=\"async\" src=\"https:\/\/corpdisplay.com\/meikergrup\/wp-content\/uploads\/2022\/03\/icon_s14.jpg\">\r\n<p>Impresi\u00f3n<\/p>\r\n<\/div>\r\n\r\n<div data-toggle=\"modal\" data-target=\"#modal\" class=\"servicio ser15\">\r\n\t<img decoding=\"async\" src=\"https:\/\/corpdisplay.com\/meikergrup\/wp-content\/uploads\/2022\/03\/icon_s15.jpg\">\r\n<p>Serigraf\u00eda<\/p>\r\n<\/div>\r\n\r\n<div data-toggle=\"modal\" data-target=\"#modal\" class=\"servicio ser16\">\r\n\t<img decoding=\"async\" src=\"https:\/\/corpdisplay.com\/meikergrup\/wp-content\/uploads\/2022\/03\/icon_s16.jpg\">\r\n<p>Pintura ep\u00f3xica<\/p>\r\n<\/div>\r\n\r\n\r\n\r\n<div data-toggle=\"modal\" data-target=\"#modal\" class=\"servicio ser17\">\r\n\t<img decoding=\"async\" src=\"https:\/\/corpdisplay.com\/meikergrup\/wp-content\/uploads\/2022\/03\/icon_s17.jpg\">\r\n<p>Punteadora autom\u00e1tica<\/p>\r\n<\/div>\r\n\r\n\r\n<!-- MODAL -->\r\n\r\n\r\n<!-- Modal -->\r\n<div class=\"modal fade\" id=\"modal\" role=\"dialog\" aria-labelledby=\"exampleModalLabel\" aria-hidden=\"true\">\r\n  <div class=\"modal-dialog\" role=\"document\">\r\n    <div class=\"modal-content\">\r\n      <div class=\"modal-header\">\r\n        <h5 class=\"modal-title\" id=\"exampleModalLabel\"><img decoding=\"async\" src=\"https:\/\/corpdisplay.com\/meikergrup\/wp-content\/uploads\/2022\/03\/logo.png\"><\/h5>\r\n        <button type=\"button\" class=\"close\" data-dismiss=\"modal\" aria-label=\"Close\">\r\n          <span aria-hidden=\"true\">&times;<\/span>\r\n        <\/button>\r\n      <\/div>\r\n      <div class=\"modal-body text-center\">\r\n<h2> \u00bfQuieres saber m\u00e1s <br>\r\nsobre nuestros servicios?<\/h2>\r\n       <a href=\"https:\/\/corpdisplay.com\/meikergrup\/contact\" class=\"btn4\"><img decoding=\"async\" src=\"https:\/\/corpdisplay.com\/meikergrup\/wp-content\/uploads\/2022\/03\/wh2.svg\"> \u00a1Cont\u00e1ctanos!<\/a>\r\n      <\/div>\r\n      <div class=\"modal-footer\">\r\n       \r\n      <\/div>\r\n    <\/div>\r\n  <\/div>\r\n<\/div>\r\n\r\n<\/div>\t\t<\/div>\n\t\t\t\t<\/div>\n\t\t\t\t\t<\/div>\n\t\t<\/div>\n\t\t\t\t\t\t\t<\/div>\n\t\t<\/section>\n\t\t\t\t\t<\/div>\n\t\t<\/div>\n\t\t\t\t\t\t\t<\/div>\n\t\t<\/section>\n\t\t\t\t<section class=\"elementor-section elementor-top-section elementor-element elementor-element-0685212 elementor-section-full_width elementor-section-height-default elementor-section-height-default\" data-id=\"0685212\" data-element_type=\"section\" data-settings=\"{&quot;background_background&quot;:&quot;classic&quot;}\">\n\t\t\t\t\t\t<div class=\"elementor-container elementor-column-gap-default\">\n\t\t\t\t\t<div class=\"elementor-column elementor-col-100 elementor-top-column elementor-element elementor-element-8c3077d\" data-id=\"8c3077d\" data-element_type=\"column\">\n\t\t\t<div class=\"elementor-widget-wrap elementor-element-populated\">\n\t\t\t\t\t\t\t\t<section class=\"elementor-section elementor-inner-section elementor-element elementor-element-82c4161 elementor-section-full_width elementor-section-height-default elementor-section-height-default\" data-id=\"82c4161\" data-element_type=\"section\" data-settings=\"{&quot;background_background&quot;:&quot;classic&quot;}\">\n\t\t\t\t\t\t<div class=\"elementor-container elementor-column-gap-default\">\n\t\t\t\t\t<div class=\"elementor-column elementor-col-33 elementor-inner-column elementor-element elementor-element-920acb3\" data-id=\"920acb3\" data-element_type=\"column\">\n\t\t\t<div class=\"elementor-widget-wrap\">\n\t\t\t\t\t\t\t\t\t<\/div>\n\t\t<\/div>\n\t\t\t\t<div class=\"elementor-column elementor-col-33 elementor-inner-column elementor-element elementor-element-7c5f911\" data-id=\"7c5f911\" data-element_type=\"column\" data-settings=\"{&quot;background_background&quot;:&quot;classic&quot;}\">\n\t\t\t<div class=\"elementor-widget-wrap elementor-element-populated\">\n\t\t\t\t\t\t\t\t<div class=\"elementor-element elementor-element-3695683 elementor-widget elementor-widget-text-editor\" data-id=\"3695683\" data-element_type=\"widget\" data-widget_type=\"text-editor.default\">\n\t\t\t\t<div class=\"elementor-widget-container\">\n\t\t\t<style>\/*! elementor - v3.15.0 - 09-08-2023 *\/\n.elementor-widget-text-editor.elementor-drop-cap-view-stacked .elementor-drop-cap{background-color:#69727d;color:#fff}.elementor-widget-text-editor.elementor-drop-cap-view-framed .elementor-drop-cap{color:#69727d;border:3px solid;background-color:transparent}.elementor-widget-text-editor:not(.elementor-drop-cap-view-default) .elementor-drop-cap{margin-top:8px}.elementor-widget-text-editor:not(.elementor-drop-cap-view-default) .elementor-drop-cap-letter{width:1em;height:1em}.elementor-widget-text-editor .elementor-drop-cap{float:left;text-align:center;line-height:1;font-size:50px}.elementor-widget-text-editor .elementor-drop-cap-letter{display:inline-block}<\/style>\t\t\t\t<p><strong>Cu\u00e9ntanos tu idea, nosotros la transformamos en realidad.<\/strong><\/p>\t\t\t\t\t\t<\/div>\n\t\t\t\t<\/div>\n\t\t\t\t\t<\/div>\n\t\t<\/div>\n\t\t\t\t<div class=\"elementor-column elementor-col-33 elementor-inner-column elementor-element elementor-element-54567e8\" data-id=\"54567e8\" data-element_type=\"column\">\n\t\t\t<div class=\"elementor-widget-wrap elementor-element-populated\">\n\t\t\t\t\t\t\t\t<div class=\"elementor-element elementor-element-1987c11 elementor-widget elementor-widget-wp-widget-custom_html\" data-id=\"1987c11\" data-element_type=\"widget\" data-widget_type=\"wp-widget-custom_html.default\">\n\t\t\t\t<div class=\"elementor-widget-container\">\n\t\t\t<div class=\"textwidget custom-html-widget\"><a href=\"\" class=\"btn3\">Cont\u00e1ctanos<\/a><\/div>\t\t<\/div>\n\t\t\t\t<\/div>\n\t\t\t\t\t<\/div>\n\t\t<\/div>\n\t\t\t\t\t\t\t<\/div>\n\t\t<\/section>\n\t\t\t\t\t<\/div>\n\t\t<\/div>\n\t\t\t\t\t\t\t<\/div>\n\t\t<\/section>\n\t\t\t\t\t\t\t<\/div>\n\t\t","protected":false},"excerpt":{"rendered":"<p>SERVICIOS Nuestro equipo de trabajo est\u00e1 altamente calificado para ofrecerte una soluci\u00f3n integral con un dise\u00f1o \u00fanico realizado desde cero, seg\u00fan tu necesidad. La innovaci\u00f3n, creatividad y el dise\u00f1o funcional son sello en toda la gama de servicios que tenemos para ti. Descarga nuestro brochure SERVICIOS Nuestro equipo de trabajo est\u00e1 altamente calificado para ofrecerte&hellip;&nbsp;<a href=\"https:\/\/corpdisplay.com\/meikergrup\/servicios\/\" class=\"\" rel=\"bookmark\">Leer m\u00e1s &raquo;<span class=\"screen-reader-text\">Servicios<\/span><\/a><\/p>\n","protected":false},"author":1,"featured_media":0,"parent":0,"menu_order":0,"comment_status":"closed","ping_status":"closed","template":"elementor_header_footer","meta":{"inline_featured_image":false,"neve_meta_sidebar":"","neve_meta_container":"","neve_meta_enable_content_width":"off","neve_meta_content_width":100,"neve_meta_title_alignment":"","neve_meta_author_avatar":"","neve_post_elements_order":"","neve_meta_disable_header":"","neve_meta_disable_footer":"","neve_meta_disable_title":"","_ti_tpc_template_sync":false,"_ti_tpc_template_id":"","footnotes":""},"class_list":["post-128","page","type-page","status-publish","hentry"],"_links":{"self":[{"href":"https:\/\/corpdisplay.com\/meikergrup\/wp-json\/wp\/v2\/pages\/128","targetHints":{"allow":["GET"]}}],"collection":[{"href":"https:\/\/corpdisplay.com\/meikergrup\/wp-json\/wp\/v2\/pages"}],"about":[{"href":"https:\/\/corpdisplay.com\/meikergrup\/wp-json\/wp\/v2\/types\/page"}],"author":[{"embeddable":true,"href":"https:\/\/corpdisplay.com\/meikergrup\/wp-json\/wp\/v2\/users\/1"}],"replies":[{"embeddable":true,"href":"https:\/\/corpdisplay.com\/meikergrup\/wp-json\/wp\/v2\/comments?post=128"}],"version-history":[{"count":226,"href":"https:\/\/corpdisplay.com\/meikergrup\/wp-json\/wp\/v2\/pages\/128\/revisions"}],"predecessor-version":[{"id":1183,"href":"https:\/\/corpdisplay.com\/meikergrup\/wp-json\/wp\/v2\/pages\/128\/revisions\/1183"}],"wp:attachment":[{"href":"https:\/\/corpdisplay.com\/meikergrup\/wp-json\/wp\/v2\/media?parent=128"}],"curies":[{"name":"wp","href":"https:\/\/api.w.org\/{rel}","templated":true}]}}